{"id":3936,"date":"2021-12-16T10:09:45","date_gmt":"2021-12-16T10:09:45","guid":{"rendered":"https:\/\/twost.eu\/?page_id=3936"},"modified":"2022-01-13T09:42:44","modified_gmt":"2022-01-13T09:42:44","slug":"assestment-tool-es","status":"publish","type":"page","link":"https:\/\/twost.eu\/?page_id=3936","title":{"rendered":"Assessment Tool-ES"},"content":{"rendered":"<div class=\"wpb-content-wrapper\"><p>[vc_row][vc_column][vc_column_text]<\/p>\n<h4 style=\"text-align: center;\">En el marco del proyecto TWOST hemos desarrollado la autoevaluaci\u00f3n personalizada en l\u00ednea, con el fin de permitir a las organizaciones ponerse a prueba en cuanto a la tolerancia, la concienciaci\u00f3n y la igualdad de g\u00e9nero dentro de sus organizaciones.<\/h4>\n<p>[\/vc_column_text][\/vc_column][\/vc_row][vc_row][vc_column]<div id=\"ultimate-heading-529869dff751dc517\" class=\"uvc-heading ult-adjust-bottom-margin ultimate-heading-529869dff751dc517 uvc-4970  uvc-heading-default-font-sizes\" data-hspacer=\"no_spacer\"  data-halign=\"center\" style=\"text-align:center\"><div class=\"uvc-heading-spacer no_spacer\" style=\"top\"><\/div><div class=\"uvc-main-heading ult-responsive\"  data-ultimate-target='.uvc-heading.ultimate-heading-529869dff751dc517 h5'  data-responsive-json-new='{\"font-size\":\"\",\"line-height\":\"\"}' ><h5 style=\"--font-weight:theme;\">Identificamos 3 niveles de proceso:<\/h5><\/div><\/div>[vc_row_inner][vc_column_inner][\/vc_column_inner][\/vc_row_inner][\/vc_column][\/vc_row][vc_row][vc_column width=&#8221;1\/5&#8243;]<div id=\"ultimate-heading-481169dff751dc593\" class=\"uvc-heading ult-adjust-bottom-margin ultimate-heading-481169dff751dc593 uvc-811  uvc-heading-default-font-sizes\" data-hspacer=\"no_spacer\"  data-halign=\"center\" style=\"text-align:center\"><div class=\"uvc-heading-spacer no_spacer\" style=\"top\"><\/div><div class=\"uvc-main-heading ult-responsive\"  data-ultimate-target='.uvc-heading.ultimate-heading-481169dff751dc593 h6'  data-responsive-json-new='{\"font-size\":\"\",\"line-height\":\"\"}' ><h6 style=\"--font-weight:theme;\">Herramienta de autoevaluaci\u00f3n<\/h6><\/div><\/div>[vc_column_text]<\/p>\n<p style=\"text-align: center;\"><span style=\"font-weight: 400;\">La organizaci\u00f3n cumple, en funci\u00f3n de sus propias caracter\u00edsticas, con la personalizaci\u00f3n de la autoevaluaci\u00f3n.<\/span><\/p>\n<p>[\/vc_column_text][\/vc_column][vc_column width=&#8221;1\/5&#8243;][vc_empty_space height=&#8221;25px&#8221;][vc_single_image image=&#8221;3044&#8243; img_size=&#8221;medium&#8221; alignment=&#8221;center&#8221;][\/vc_column][vc_column width=&#8221;1\/5&#8243;]<div id=\"ultimate-heading-427569dff751dc5ec\" class=\"uvc-heading ult-adjust-bottom-margin ultimate-heading-427569dff751dc5ec uvc-1175  uvc-heading-default-font-sizes\" data-hspacer=\"no_spacer\"  data-halign=\"center\" style=\"text-align:center\"><div class=\"uvc-heading-spacer no_spacer\" style=\"top\"><\/div><div class=\"uvc-main-heading ult-responsive\"  data-ultimate-target='.uvc-heading.ultimate-heading-427569dff751dc5ec h6'  data-responsive-json-new='{\"font-size\":\"\",\"line-height\":\"\"}' ><h6 style=\"--font-weight:theme;\">Sello de calidad<\/h6><\/div><\/div>[vc_column_text]<span style=\"font-weight: 400;\">En funci\u00f3n de las respuestas, la organizaci\u00f3n adquiere el sello de calidad Bronce, Plata u Oro.<\/span>[\/vc_column_text][\/vc_column][vc_column width=&#8221;1\/5&#8243;][vc_empty_space height=&#8221;25px&#8221;][vc_single_image image=&#8221;3044&#8243; img_size=&#8221;medium&#8221; alignment=&#8221;center&#8221;][\/vc_column][vc_column width=&#8221;1\/5&#8243;]<div id=\"ultimate-heading-479369dff751dc659\" class=\"uvc-heading ult-adjust-bottom-margin ultimate-heading-479369dff751dc659 uvc-374  uvc-heading-default-font-sizes\" data-hspacer=\"no_spacer\"  data-halign=\"center\" style=\"text-align:center\"><div class=\"uvc-heading-spacer no_spacer\" style=\"top\"><\/div><div class=\"uvc-main-heading ult-responsive\"  data-ultimate-target='.uvc-heading.ultimate-heading-479369dff751dc659 h6'  data-responsive-json-new='{\"font-size\":\"\",\"line-height\":\"\"}' ><h6 style=\"--font-weight:theme;\">Database<\/h6><\/div><\/div>[vc_column_text]<span style=\"font-weight: 400;\">Gracias a tus respuestas, se elaborar\u00e1 una base de datos personalizada para las \u00e1reas de mejora.<\/span>[\/vc_column_text][\/vc_column][\/vc_row][vc_row][vc_column]<div id=\"ultimate-heading-717769dff751dc6b3\" class=\"uvc-heading ult-adjust-bottom-margin ultimate-heading-717769dff751dc6b3 uvc-8993  uvc-heading-default-font-sizes\" data-hspacer=\"no_spacer\"  data-halign=\"center\" style=\"text-align:center\"><div class=\"uvc-heading-spacer no_spacer\" style=\"top\"><\/div><div class=\"uvc-main-heading ult-responsive\"  data-ultimate-target='.uvc-heading.ultimate-heading-717769dff751dc6b3 h5'  data-responsive-json-new='{\"font-size\":\"\",\"line-height\":\"\"}' ><h5 style=\"--font-weight:theme;\">La herramienta de autoevaluaci\u00f3n de TWOST en l\u00ednea ayuda a los trabajadores y organizaciones juveniles a:<\/h5><\/div><\/div>[vc_row_inner][vc_column_inner][\/vc_column_inner][\/vc_row_inner][vc_column_text]<\/p>\n<ul>\n<li style=\"font-weight: 400;\" aria-level=\"1\"><b><i>Desarrollar la competencia y la concienciaci\u00f3n sobre los estereotipos de g\u00e9nero y la violencia y el acoso de g\u00e9nero en su trabajo diario<\/i><\/b><\/li>\n<li style=\"font-weight: 400;\" aria-level=\"1\"><b><i>Participar m\u00e1s activamente en la reflexi\u00f3n sobre su pr\u00e1ctica pedag\u00f3gica en t\u00e9rminos de enfoque de g\u00e9nero, estimulada por un ejercicio estructurado de autoevaluaci\u00f3n que proporciona retroalimentaci\u00f3n seg\u00fan los diferentes niveles de progreso<\/i><\/b><\/li>\n<li style=\"font-weight: 400;\" aria-level=\"1\"><b><i>Autodirigir su aprendizaje y desarrollar su competencia cuando quieran, a su propio ritmo, ampliando las oportunidades de desarrollo profesional a los entornos informales de aprendizaje en l\u00ednea<\/i><\/b><\/li>\n<li style=\"font-weight: 400;\" aria-level=\"1\"><b><i>Establecer un perfil de competencia personal<\/i><\/b><\/li>\n<li style=\"font-weight: 400;\" aria-level=\"1\"><b><i>Acceder a un ecosistema adaptado de recursos de formaci\u00f3n europeos y nacionales para seguir desarrollando sus competencias seg\u00fan sus necesidades o intereses.<\/i><\/b><\/li>\n<li style=\"font-weight: 400;\" aria-level=\"1\"><b><i>Recibir un sello de calidad, que demostrar\u00e1 que la organizaci\u00f3n tiene un cierto nivel de igualdad de g\u00e9nero en su interior.<\/i><\/b><\/li>\n<li style=\"font-weight: 400;\" aria-level=\"1\"><b><i>Tras la aplicaci\u00f3n de la herramienta de autoevaluaci\u00f3n, en caso de que existan lagunas, recibir literatura personalizada y pr\u00e1ctica para mejorar sus pol\u00edticas internas en determinadas \u00e1reas<\/i><\/b><\/li>\n<li style=\"font-weight: 400;\" aria-level=\"1\"><b><i>Aplicar la herramienta de autoevaluaci\u00f3n y poner retos a su organizaci\u00f3n despu\u00e9s de recibir la etiqueta de calidad que demuestra la igualdad de g\u00e9nero y la cordialidad dentro de su organizaci\u00f3n<\/i><\/b><\/li>\n<li style=\"font-weight: 400;\" aria-level=\"1\"><\/li>\n<\/ul>\n<p>[\/vc_column_text][\/vc_column][\/vc_row][vc_row][vc_column]<div id=\"ultimate-heading-288669dff751dc70c\" class=\"uvc-heading ult-adjust-bottom-margin ultimate-heading-288669dff751dc70c uvc-6340  uvc-heading-default-font-sizes\" data-hspacer=\"no_spacer\"  data-halign=\"center\" style=\"text-align:center\"><div class=\"uvc-heading-spacer no_spacer\" style=\"top\"><\/div><div class=\"uvc-main-heading ult-responsive\"  data-ultimate-target='.uvc-heading.ultimate-heading-288669dff751dc70c h5'  data-responsive-json-new='{\"font-size\":\"\",\"line-height\":\"\"}' ><h5 style=\"--font-weight:theme;\">Complete la herramienta de autoevaluaci\u00f3n y desaf\u00ede a su organizaci\u00f3n. Recibir\u00e1s una etiqueta que demuestra la igualdad de g\u00e9nero y la amabilidad dentro de tu organizaci\u00f3n.<\/h5><\/div><\/div>[vc_row_inner][vc_column_inner][vc_btn title=&#8221;SELF ASSESTMENT TOOL&#8221; align=&#8221;center&#8221; link=&#8221;url:https%3A%2F%2Fsurvey.cscs.it%2Findex.php%2F478369%3Fnewtest%3DY%26lang%3Des|title:SELF%20ASSESTMENT%20TOOL&#8221; css=&#8221;.vc_custom_1642066958308{margin-top: 30px !important;}&#8221;][vc_column_text][\/vc_column_text][vc_separator][vc_tweetmeme][\/vc_column_inner][\/vc_row_inner][\/vc_column][\/vc_row][vc_row][vc_column width=&#8221;1\/6&#8243;][\/vc_column][vc_column width=&#8221;2\/3&#8243;][\/vc_column][vc_column width=&#8221;1\/6&#8243;][\/vc_column][\/vc_row]<\/p>\n<\/div>","protected":false},"excerpt":{"rendered":"<p>[vc_row][vc_column][vc_column_text] En el marco del proyecto TWOST hemos desarrollado la autoevaluaci\u00f3n personalizada en l\u00ednea, con el fin de permitir a las organizaciones ponerse a prueba en cuanto a la tolerancia, la concienciaci\u00f3n y la igualdad de g\u00e9nero dentro de sus organizaciones. [\/vc_column_text][\/vc_column][\/vc_row][vc_row][vc_column][vc_row_inner][vc_column_inner][\/vc_column_inner][\/vc_row_inner][\/vc_column][\/vc_row][vc_row][vc_column width=&#8221;1\/5&#8243;][vc_column_text] La organizaci\u00f3n cumple, en funci\u00f3n de sus propias caracter\u00edsticas, con la personalizaci\u00f3n&hellip;<\/p>\n","protected":false},"author":1,"featured_media":0,"parent":0,"menu_order":0,"comment_status":"closed","ping_status":"closed","template":"","meta":{"footnotes":""},"class_list":["post-3936","page","type-page","status-publish","hentry","description-off"],"_links":{"self":[{"href":"https:\/\/twost.eu\/index.php?rest_route=\/wp\/v2\/pages\/3936","targetHints":{"allow":["GET"]}}],"collection":[{"href":"https:\/\/twost.eu\/index.php?rest_route=\/wp\/v2\/pages"}],"about":[{"href":"https:\/\/twost.eu\/index.php?rest_route=\/wp\/v2\/types\/page"}],"author":[{"embeddable":true,"href":"https:\/\/twost.eu\/index.php?rest_route=\/wp\/v2\/users\/1"}],"replies":[{"embeddable":true,"href":"https:\/\/twost.eu\/index.php?rest_route=%2Fwp%2Fv2%2Fcomments&post=3936"}],"version-history":[{"count":4,"href":"https:\/\/twost.eu\/index.php?rest_route=\/wp\/v2\/pages\/3936\/revisions"}],"predecessor-version":[{"id":4062,"href":"https:\/\/twost.eu\/index.php?rest_route=\/wp\/v2\/pages\/3936\/revisions\/4062"}],"wp:attachment":[{"href":"https:\/\/twost.eu\/index.php?rest_route=%2Fwp%2Fv2%2Fmedia&parent=3936"}],"curies":[{"name":"wp","href":"https:\/\/api.w.org\/{rel}","templated":true}]}}