{"id":3917,"date":"2021-12-15T10:45:13","date_gmt":"2021-12-15T10:45:13","guid":{"rendered":"https:\/\/twost.eu\/?page_id=3917"},"modified":"2022-02-22T11:22:23","modified_gmt":"2022-02-22T11:22:23","slug":"project-it-2","status":"publish","type":"page","link":"https:\/\/twost.eu\/?page_id=3917","title":{"rendered":"Project-IT"},"content":{"rendered":"<div class=\"wpb-content-wrapper\"><p>[vc_row][vc_column width=&#8221;2\/3&#8243;][vc_column_text]<\/p>\n<h2><b>Contesto<\/b><\/h2>\n<p><span style=\"font-weight: 400;\">Inclusione sociale dei giovani con ridotte opportunit\u00e0 \u00e8 il punto di connessione principale di questo progetto con le realt\u00e0 dei giovani svantaggiati in Europa. Uno degli ostacoli pi\u00f9 importanti all&#8217;inclusione sociale \u00e8 rappresentato dagli stereotipi di genere.<\/span><\/p>\n<p>&nbsp;<\/p>\n<h2><b>Missione<\/b><\/h2>\n<p><span style=\"font-weight: 400;\">L&#8217;obiettivo di TWOST \u00e8 la prevenzione della discriminazione di genere verso i giovani.<\/span><\/p>\n<p>&nbsp;<\/p>\n<p><span style=\"font-weight: 400;\">Il progetto \u00e8 specificamente rivolto ad una collaborazione cross-settoriale che consente sinergie maggiori su tutti i possibili campi d&#8217;azione nell&#8217;ambito giovanile, in particolare nell&#8217;ambito dell&#8217;accessibilit\u00e0 ai diritti, autonomia, partecipazione &#8211; inclusa la partecipazione online &#8211; e la cittadinanza attiva dei giovani, evitando i fenomeni di autosegregazione di genere e promuovendo i valori comuni di rispetto reciproco tra i generi senza pregiudizi.<\/span><\/p>\n<p>&nbsp;<\/p>\n<h2><strong>Obiettivi<\/strong><\/h2>\n<p><span style=\"font-weight: 400;\">L&#8217;obiettivo generale del progetto \u00e8 quello di rafforzare la prevenzione e sostenere la lotta contro gli stereotipi e la violenza di genere tra i giovani e gli operatori giovanili in Europa, attraverso la sperimentazione di risorse digitali innovative e l&#8217;inclusione dei giovani con meno opportunit\u00e0.<\/span><\/p>\n<p><span style=\"font-weight: 400;\">Gli obiettivi specifici del progetto sono:<\/span><\/p>\n<ul>\n<li><span style=\"font-weight: 400;\"><span style=\"font-weight: 400;\"><strong>Promuovere<\/strong> la consapevolezza degli stereotipi e della parit\u00e0 di genere, e ridurre i pregiudizi inconsci in particolare attraverso la ricerca su studi, strumenti e metodi esistenti<\/span><\/span><\/li>\n<li><span style=\"font-weight: 400;\"><span style=\"font-weight: 400;\"><strong>Sviluppare<\/strong> e diffondere strumenti pratici di educazione non formale per gli operatori giovanili nel campo dell\u2019identificazione e della prevenzione degli stereotipi e della violenza di genere.<\/span><\/span><\/li>\n<li><span style=\"font-weight: 400;\"><span style=\"font-weight: 400;\"><strong>Rafforzare<\/strong> il ruolo degli operatori giovanili nella lotta contro gli stereotipi e la discriminazione di genere.<\/span><\/span><\/li>\n<li><span style=\"font-weight: 400;\"><strong>Promuovere<\/strong> l&#8217;inclusione sociale e la cittadinanza attiva dei giovani socialmente esclusi a livello europeo.<\/span><\/li>\n<\/ul>\n<p>&nbsp;<\/p>\n<h2><b>Attivit\u00e0<\/b><\/h2>\n<ul>\n<li><span style=\"font-weight: 400;\">Descrizione dello stato dell&#8217;arte e analisi statistiche sugli stereotipi di genere tra i giovani<\/span><\/li>\n<li><span style=\"font-weight: 400;\">Creazione e implementazione di uno Strumento di Autovalutazione<\/span><\/li>\n<li><span style=\"font-weight: 400;\">Creazione di un database online contenente tutte le risorse pi\u00f9 importanti e le pratiche relative alla parit\u00e0 di genere e all&#8217;integrazione di genere tra i giovani, inclusi i materiali per la sensibilizzazione e bibliografia di riferimento<\/span><\/li>\n<li><span style=\"font-weight: 400;\">Sviluppo di una campagna di diffusione<\/span><\/li>\n<li><span style=\"font-weight: 400;\">Istituzione di un evento internazionale alla fine del progetto<\/span><\/li>\n<\/ul>\n<p>[\/vc_column_text][\/vc_column][vc_column width=&#8221;1\/3&#8243;][vc_column_text]<\/p>\n<p style=\"text-align: right;\"><strong><em>Project Start Date: 01\/01\/2020<\/em><\/strong><\/p>\n<p style=\"text-align: right;\"><strong><em>Project End Date: 15\/01\/2022<\/em><\/strong><\/p>\n<p style=\"text-align: right;\"><strong><em>Project total duration: 24 months<\/em><\/strong><\/p>\n<p>[\/vc_column_text][\/vc_column][\/vc_row][vc_row][vc_column][vc_single_image image=&#8221;3195&#8243; img_size=&#8221;full&#8221; alignment=&#8221;center&#8221;][\/vc_column][\/vc_row]<\/p>\n<\/div>","protected":false},"excerpt":{"rendered":"<p>[vc_row][vc_column width=&#8221;2\/3&#8243;][vc_column_text] Contesto Inclusione sociale dei giovani con ridotte opportunit\u00e0 \u00e8 il punto di connessione principale di questo progetto con le realt\u00e0 dei giovani svantaggiati in Europa. Uno degli ostacoli pi\u00f9 importanti all&#8217;inclusione sociale \u00e8 rappresentato dagli stereotipi di genere. &nbsp; Missione L&#8217;obiettivo di TWOST \u00e8 la prevenzione della discriminazione di genere verso i giovani.&hellip;<\/p>\n","protected":false},"author":1,"featured_media":25,"parent":0,"menu_order":0,"comment_status":"closed","ping_status":"closed","template":"","meta":{"footnotes":""},"class_list":["post-3917","page","type-page","status-publish","has-post-thumbnail","hentry","description-off"],"_links":{"self":[{"href":"https:\/\/twost.eu\/index.php?rest_route=\/wp\/v2\/pages\/3917","targetHints":{"allow":["GET"]}}],"collection":[{"href":"https:\/\/twost.eu\/index.php?rest_route=\/wp\/v2\/pages"}],"about":[{"href":"https:\/\/twost.eu\/index.php?rest_route=\/wp\/v2\/types\/page"}],"author":[{"embeddable":true,"href":"https:\/\/twost.eu\/index.php?rest_route=\/wp\/v2\/users\/1"}],"replies":[{"embeddable":true,"href":"https:\/\/twost.eu\/index.php?rest_route=%2Fwp%2Fv2%2Fcomments&post=3917"}],"version-history":[{"count":5,"href":"https:\/\/twost.eu\/index.php?rest_route=\/wp\/v2\/pages\/3917\/revisions"}],"predecessor-version":[{"id":4117,"href":"https:\/\/twost.eu\/index.php?rest_route=\/wp\/v2\/pages\/3917\/revisions\/4117"}],"wp:featuredmedia":[{"embeddable":true,"href":"https:\/\/twost.eu\/index.php?rest_route=\/wp\/v2\/media\/25"}],"wp:attachment":[{"href":"https:\/\/twost.eu\/index.php?rest_route=%2Fwp%2Fv2%2Fmedia&parent=3917"}],"curies":[{"name":"wp","href":"https:\/\/api.w.org\/{rel}","templated":true}]}}